{"id":70,"date":"2020-03-21T22:20:49","date_gmt":"2020-03-21T21:20:49","guid":{"rendered":"http:\/\/www.uniquecreations.de\/props\/?page_id=70"},"modified":"2025-10-25T20:28:36","modified_gmt":"2025-10-25T18:28:36","slug":"kollektion","status":"publish","type":"page","link":"https:\/\/props-wear.de\/en\/kollektion\/","title":{"rendered":"collection"},"content":{"rendered":"<div class=\"et_pb_section_0 et_pb_section et_section_regular et_block_section et_pb_section_parallax\"><span class=\"et-pb-parallax-wrapper\"><span class=\"et-pb-parallax-background et-pb-parallax-background-module--divi-section-0\" style=\"background-image:url(https:\/\/props-wear.de\/wp-content\/uploads\/2020\/03\/Headerpics_0000_DSC01355.jpg)\"><\/span><\/span><div class=\"et_pb_row_0 et_pb_row et-vb-row--no-module et_block_row\"><div class=\"et_pb_column_0 et_pb_column et_pb_column_4_4 et-last-child et_block_column et_pb_column_empty et_pb_css_mix_blend_mode_passthrough\"><\/div><\/div><div class=\"et_pb_row_1 et_pb_row et_block_row\"><div class=\"et_pb_column_1 et_pb_column et_pb_column_4_4 et-last-child et_block_column et_pb_css_mix_blend_mode_passthrough\"><div class=\"et_pb_blurb_0 et_pb_blurb et_pb_bg_layout_dark et_pb_blurb_position_left et_pb_module et_flex_module\"><div class=\"et_pb_blurb_content et_flex_module\"><div class=\"et_pb_main_blurb_image\"><span class=\"et_pb_image_wrap\"><span class=\"et-pb-icon et-waypoint et_pb_animation_top et_pb_animation_top_tablet et_pb_animation_top_phone\">s<\/span><\/span><\/div><div class=\"et_pb_blurb_container\"><h6 class=\"et_pb_module_header\">Versand wieder ab dem 21.9.20<\/h6><div class=\"et_pb_blurb_description\"><p>Wir sind die restliche Woche auf nem Film Job, daher bitten wir zu entschuldigen, dass Bestellungen erst wieder am 21.09.20 rausgehen. Happy Flying!<\/p>\n<\/div><\/div><\/div><\/div><\/div><\/div><\/div><div class=\"et_pb_section_1 et_pb_section et_section_regular et_block_section\"><div class=\"et_pb_row_2 et_pb_row et_block_row\"><div class=\"et_pb_column_2 et_pb_column et_pb_column_4_4 et-last-child et_block_column et_pb_css_mix_blend_mode_passthrough\"><div class=\"et_pb_image_0 et_pb_image et_pb_module et_flex_module\"><span class=\"et_pb_image_wrap\"><img loading=\"lazy\" decoding=\"async\" src=\"https:\/\/props-wear.de\/wp-content\/uploads\/2022\/07\/BC-Kraha-welcome-to-fpv-shirt.jpg\" title=\"BC-Kraha-welcome-to-fpv-shirt\" width=\"1920\" height=\"1080\" srcset=\"https:\/\/props-wear.de\/wp-content\/uploads\/2022\/07\/BC-Kraha-welcome-to-fpv-shirt.jpg 1920w, https:\/\/props-wear.de\/wp-content\/uploads\/2022\/07\/BC-Kraha-welcome-to-fpv-shirt-1280x720.jpg 1280w, https:\/\/props-wear.de\/wp-content\/uploads\/2022\/07\/BC-Kraha-welcome-to-fpv-shirt-980x551.jpg 980w, https:\/\/props-wear.de\/wp-content\/uploads\/2022\/07\/BC-Kraha-welcome-to-fpv-shirt-480x270.jpg 480w\" sizes=\"(min-width: 0px) and (max-width: 480px) 480px, (min-width: 481px) and (max-width: 980px) 980px, (min-width: 981px) and (max-width: 1280px) 1280px, (min-width: 1281px) 1920px, 100vw\" class=\"wp-image-4560\" \/><\/span><\/div><\/div><\/div><\/div><div class=\"et_pb_section_2 et_pb_section et_section_regular et_block_section\"><div class=\"et_pb_row_3 et_pb_row et_block_row\"><div class=\"et_pb_column_3 et_pb_column et_pb_column_1_3 et_block_column et_pb_css_mix_blend_mode_passthrough\"><div class=\"et_pb_text_0 et_pb_text et_pb_bg_layout_light et_pb_module et_flex_module\"><div class=\"et_pb_text_inner\"><h1>Welcome @ PROPS<\/h1>\n<p>Were starting of with a small range of shirts and hoodies, but will increase the produkt- and colorrange step by step.<\/p>\n<\/div><\/div><\/div><div class=\"et_pb_column_4 et_pb_column et_pb_column_1_3 et_block_column et_pb_css_mix_blend_mode_passthrough\"><div class=\"et_pb_text_1 et_pb_text et_pb_bg_layout_light et_pb_module et_flex_module\"><div class=\"et_pb_text_inner\"><h1>Collection #1<\/h1>\n<p>Diese erste Kollektion richtet sich direkt an die fpv Core-Szene. Die Motive bewusst eher zur\u00fcckhaltet und minimalistisch konzipiert. \"Normale\" Leute sehen eine einfache illustration und fpv Leute kapieren sofort was das Motiv zeigt. Eine lautere\/plakativere Kollektion ist in Planung.<\/p>\n<\/div><\/div><\/div><div class=\"et_pb_column_5 et_pb_column et_pb_column_1_3 et-last-child et_block_column et_pb_css_mix_blend_mode_passthrough\"><div class=\"et_pb_text_2 et_pb_text et_pb_bg_layout_light et_pb_module et_flex_module\"><div class=\"et_pb_text_inner\"><h1>not available?<\/h1>\n<p>Ein gro\u00dfer Lagerbestand ist, bis wir hier etwas Geld einnehmen einfach nicht drin - sry!<br \/>Sollte ein Produkt oder eine Gr\u00f6\u00dfe aktuell nicht im Shop verf\u00fcgabr sein, schreib uns einfach - dann schaun wir, dass wir es z\u00fcgig fertig bekommen. \ud83d\ude42<\/p>\n<\/div><\/div><\/div><\/div><div class=\"et_pb_row_4 et_pb_row et_pb_row_5col et_block_row et_block_row_5col\"><div class=\"et_pb_column_6 et_pb_column et_pb_column_1_5 et_block_column et_pb_css_mix_blend_mode_passthrough\"><div class=\"et_pb_image_1 et_pb_image et_pb_module et_flex_module\"><span class=\"et_pb_image_wrap\"><img loading=\"lazy\" decoding=\"async\" src=\"https:\/\/props-wear.de\/wp-content\/uploads\/2020\/06\/Handmade.png\" width=\"512\" height=\"512\" srcset=\"https:\/\/props-wear.de\/wp-content\/uploads\/2020\/06\/Handmade.png 512w, https:\/\/props-wear.de\/wp-content\/uploads\/2020\/06\/Handmade-480x480.png 480w\" sizes=\"(min-width: 0px) and (max-width: 480px) 480px, (min-width: 481px) 512px, 100vw\" class=\"wp-image-4413\" \/><\/span><\/div><\/div><div class=\"et_pb_column_7 et_pb_column et_pb_column_1_5 et_block_column et_pb_css_mix_blend_mode_passthrough\"><div class=\"et_pb_image_2 et_pb_image et_pb_module et_flex_module\"><span class=\"et_pb_image_wrap\"><img loading=\"lazy\" decoding=\"async\" src=\"https:\/\/props-wear.de\/wp-content\/uploads\/2020\/06\/fair-wear.png\" width=\"512\" height=\"512\" srcset=\"https:\/\/props-wear.de\/wp-content\/uploads\/2020\/06\/fair-wear.png 512w, https:\/\/props-wear.de\/wp-content\/uploads\/2020\/06\/fair-wear-480x480.png 480w\" sizes=\"(min-width: 0px) and (max-width: 480px) 480px, (min-width: 481px) 512px, 100vw\" class=\"wp-image-4337\" \/><\/span><\/div><\/div><div class=\"et_pb_column_8 et_pb_column et_pb_column_1_5 et_block_column et_pb_css_mix_blend_mode_passthrough\"><div class=\"et_pb_image_3 et_pb_image et_pb_module et_flex_module\"><span class=\"et_pb_image_wrap\"><img loading=\"lazy\" decoding=\"async\" src=\"https:\/\/props-wear.de\/wp-content\/uploads\/2020\/06\/vegan.png\" width=\"512\" height=\"512\" srcset=\"https:\/\/props-wear.de\/wp-content\/uploads\/2020\/06\/vegan.png 512w, https:\/\/props-wear.de\/wp-content\/uploads\/2020\/06\/vegan-480x480.png 480w\" sizes=\"(min-width: 0px) and (max-width: 480px) 480px, (min-width: 481px) 512px, 100vw\" class=\"wp-image-4341\" \/><\/span><\/div><\/div><div class=\"et_pb_column_9 et_pb_column et_pb_column_1_5 et_block_column et_pb_css_mix_blend_mode_passthrough\"><div class=\"et_pb_image_4 et_pb_image et_pb_module et_flex_module\"><span class=\"et_pb_image_wrap\"><img loading=\"lazy\" decoding=\"async\" src=\"https:\/\/props-wear.de\/wp-content\/uploads\/2020\/06\/\u00f6ko-tex.png\" width=\"512\" height=\"512\" srcset=\"https:\/\/props-wear.de\/wp-content\/uploads\/2020\/06\/\u00f6ko-tex.png 512w, https:\/\/props-wear.de\/wp-content\/uploads\/2020\/06\/\u00f6ko-tex-300x300.png 300w, https:\/\/props-wear.de\/wp-content\/uploads\/2020\/06\/\u00f6ko-tex-150x150.png 150w, https:\/\/props-wear.de\/wp-content\/uploads\/2020\/06\/\u00f6ko-tex-480x480.png 480w, https:\/\/props-wear.de\/wp-content\/uploads\/2020\/06\/\u00f6ko-tex-100x100.png 100w\" sizes=\"(max-width: 512px) 100vw, 512px\" class=\"wp-image-4340\" \/><\/span><\/div><\/div><div class=\"et_pb_column_10 et_pb_column et_pb_column_1_5 et-last-child et_block_column et_pb_css_mix_blend_mode_passthrough\"><div class=\"et_pb_image_5 et_pb_image et_pb_module et_flex_module\"><span class=\"et_pb_image_wrap\"><img loading=\"lazy\" decoding=\"async\" src=\"https:\/\/props-wear.de\/wp-content\/uploads\/2020\/06\/Gots.png\" width=\"512\" height=\"512\" srcset=\"https:\/\/props-wear.de\/wp-content\/uploads\/2020\/06\/Gots.png 512w, https:\/\/props-wear.de\/wp-content\/uploads\/2020\/06\/Gots-480x480.png 480w\" sizes=\"(min-width: 0px) and (max-width: 480px) 480px, (min-width: 481px) 512px, 100vw\" class=\"wp-image-4338\" \/><\/span><\/div><\/div><\/div><div class=\"et_pb_row_5 et_pb_row et_block_row\"><div class=\"et_pb_column_11 et_pb_column et_pb_column_4_4 et-last-child et_block_column et_pb_css_mix_blend_mode_passthrough\"><div class=\"et_pb_image_6 et_pb_image et_pb_module et_flex_module\"><span class=\"et_pb_image_wrap\"><img loading=\"lazy\" decoding=\"async\" src=\"https:\/\/props-wear.de\/wp-content\/uploads\/2020\/06\/all.jpg\" width=\"896\" height=\"896\" srcset=\"https:\/\/props-wear.de\/wp-content\/uploads\/2020\/06\/all.jpg 896w, https:\/\/props-wear.de\/wp-content\/uploads\/2020\/06\/all-480x480.jpg 480w\" sizes=\"(min-width: 0px) and (max-width: 480px) 480px, (min-width: 481px) 896px, 100vw\" class=\"wp-image-4416\" \/><\/span><\/div><\/div><\/div><div class=\"et_pb_row_6 et_pb_row et_block_row\"><div class=\"et_pb_column_12 et_pb_column et_pb_column_4_4 et-last-child et_block_column et_pb_css_mix_blend_mode_passthrough\"><div class=\"et_pb_text_3 et_pb_text et_pb_bg_layout_light et_pb_module et_flex_module\"><div class=\"et_pb_text_inner\"><h2>refined by hand, vegan, Gots certified, fair wear &amp; orgnaic<\/h2>\n<p>Wie die \u00dcberschrift sagt ist unsere Ware verantwortungsvoll ausgew\u00e4hlt. Aber mal Butter bei die Fische - Nein wir sind keine alt-Hippies und wir werden bei dem ganzen M\u00fcll, der durch unser Hobby sowieso schon entsteht wohl eher nicht die Welt retten. Dennoch denken wir, dass jeder Schritt in richtung Nachhaltigkeit richtig ist und versuchen dass so gewissenhaft wie m\u00f6glich umzusetzen. Zudem m\u00f6chten wir uns nicht die M\u00fche machen billige China ware von Hand zu veredeln und uns vor Kunden rechtfertigen die von der Qualit\u00e4t der Produkte entt\u00e4uscht sind.<\/p>\n<\/div><\/div><\/div><\/div><div class=\"et_pb_row_7 et_pb_row et_pb_equal_columns et_block_row\"><div class=\"et_pb_column_13 et_pb_column et_pb_column_1_3 et_block_column et_pb_css_mix_blend_mode_passthrough\"><div class=\"et_pb_image_7 et_pb_image et_pb_module et_flex_module\"><span class=\"et_pb_image_wrap\"><img loading=\"lazy\" decoding=\"async\" src=\"https:\/\/props-wear.de\/wp-content\/uploads\/2021\/07\/props-label.jpg\" title=\"props-label\" width=\"1000\" height=\"1250\" srcset=\"https:\/\/props-wear.de\/wp-content\/uploads\/2021\/07\/props-label.jpg 1000w, https:\/\/props-wear.de\/wp-content\/uploads\/2021\/07\/props-label-980x1225.jpg 980w, https:\/\/props-wear.de\/wp-content\/uploads\/2021\/07\/props-label-480x600.jpg 480w\" sizes=\"(min-width: 0px) and (max-width: 480px) 480px, (min-width: 481px) and (max-width: 980px) 980px, (min-width: 981px) 1000px, 100vw\" class=\"wp-image-4533\" \/><\/span><\/div><\/div><div class=\"et_pb_column_14 et_pb_column et_pb_column_2_3 et-last-child et_block_column et_pb_css_mix_blend_mode_passthrough\"><div class=\"et_pb_image_8 et_pb_image et_pb_module et_flex_module\"><span class=\"et_pb_image_wrap\"><img loading=\"lazy\" decoding=\"async\" src=\"https:\/\/props-wear.de\/wp-content\/uploads\/2020\/05\/budget-build.jpg\" width=\"700\" height=\"395\" srcset=\"https:\/\/props-wear.de\/wp-content\/uploads\/2020\/05\/budget-build.jpg 700w, https:\/\/props-wear.de\/wp-content\/uploads\/2020\/05\/budget-build-480x271.jpg 480w\" sizes=\"(min-width: 0px) and (max-width: 480px) 480px, (min-width: 481px) 700px, 100vw\" class=\"wp-image-4295\" \/><\/span><\/div><\/div><\/div><div class=\"et_pb_row_8 et_pb_row et_pb_row_4col et_block_row et_block_row_4col\"><div class=\"et_pb_column_15 et_pb_column et_pb_column_1_4 et_block_column et_pb_css_mix_blend_mode_passthrough\"><div class=\"et_pb_image_9 et_pb_image et_pb_module et_flex_module\"><span class=\"et_pb_image_wrap\"><img loading=\"lazy\" decoding=\"async\" src=\"https:\/\/props-wear.de\/wp-content\/uploads\/2020\/06\/fwf-hoodie.jpg\" width=\"776\" height=\"971\" srcset=\"https:\/\/props-wear.de\/wp-content\/uploads\/2020\/06\/fwf-hoodie.jpg 776w, https:\/\/props-wear.de\/wp-content\/uploads\/2020\/06\/fwf-hoodie-480x601.jpg 480w\" sizes=\"(min-width: 0px) and (max-width: 480px) 480px, (min-width: 481px) 776px, 100vw\" class=\"wp-image-4371\" \/><\/span><\/div><\/div><div class=\"et_pb_column_16 et_pb_column et_pb_column_1_4 et_block_column et_pb_css_mix_blend_mode_passthrough\"><div class=\"et_pb_image_10 et_pb_image et_pb_module et_flex_module\"><span class=\"et_pb_image_wrap\"><img loading=\"lazy\" decoding=\"async\" src=\"https:\/\/props-wear.de\/wp-content\/uploads\/2020\/06\/antenn-shirt.jpg\" width=\"776\" height=\"971\" srcset=\"https:\/\/props-wear.de\/wp-content\/uploads\/2020\/06\/antenn-shirt.jpg 776w, https:\/\/props-wear.de\/wp-content\/uploads\/2020\/06\/antenn-shirt-480x601.jpg 480w\" sizes=\"(min-width: 0px) and (max-width: 480px) 480px, (min-width: 481px) 776px, 100vw\" class=\"wp-image-4363\" \/><\/span><\/div><\/div><div class=\"et_pb_column_17 et_pb_column et_pb_column_1_4 et_block_column et_pb_css_mix_blend_mode_passthrough\"><div class=\"et_pb_image_11 et_pb_image et_pb_module et_flex_module\"><span class=\"et_pb_image_wrap\"><img loading=\"lazy\" decoding=\"async\" src=\"https:\/\/props-wear.de\/wp-content\/uploads\/2020\/06\/sherpa.jpg\" width=\"776\" height=\"971\" srcset=\"https:\/\/props-wear.de\/wp-content\/uploads\/2020\/06\/sherpa.jpg 776w, https:\/\/props-wear.de\/wp-content\/uploads\/2020\/06\/sherpa-480x601.jpg 480w\" sizes=\"(min-width: 0px) and (max-width: 480px) 480px, (min-width: 481px) 776px, 100vw\" class=\"wp-image-4369\" \/><\/span><\/div><\/div><div class=\"et_pb_column_18 et_pb_column et_pb_column_1_4 et-last-child et_block_column et_pb_css_mix_blend_mode_passthrough\"><div class=\"et_pb_image_12 et_pb_image et_pb_module et_flex_module\"><span class=\"et_pb_image_wrap\"><img loading=\"lazy\" decoding=\"async\" src=\"https:\/\/props-wear.de\/wp-content\/uploads\/2020\/06\/windbreaker.jpg\" width=\"776\" height=\"971\" srcset=\"https:\/\/props-wear.de\/wp-content\/uploads\/2020\/06\/windbreaker.jpg 776w, https:\/\/props-wear.de\/wp-content\/uploads\/2020\/06\/windbreaker-480x601.jpg 480w\" sizes=\"(min-width: 0px) and (max-width: 480px) 480px, (min-width: 481px) 776px, 100vw\" class=\"wp-image-4367\" \/><\/span><\/div><\/div><\/div><\/div><div class=\"et_pb_section_3 et_pb_section et_section_regular et_block_section\"><div class=\"et_pb_row_9 et_pb_row et_pb_row_4col et_pb_gutters2 et_block_row et_block_row_4col\"><div class=\"et_pb_column_19 et_pb_column et_pb_column_1_4 et_block_column et_pb_css_mix_blend_mode_passthrough\"><div class=\"et_pb_image_13 et_pb_image et_pb_module et_flex_module\"><span class=\"et_pb_image_wrap\"><img loading=\"lazy\" decoding=\"async\" src=\"https:\/\/props-wear.de\/wp-content\/uploads\/2020\/03\/prposlogo.png\" width=\"417\" height=\"100\" srcset=\"https:\/\/props-wear.de\/wp-content\/uploads\/2020\/03\/prposlogo.png 417w, https:\/\/props-wear.de\/wp-content\/uploads\/2020\/03\/prposlogo-300x72.png 300w\" sizes=\"(max-width: 417px) 100vw, 417px\" class=\"wp-image-8\" \/><\/span><\/div><\/div><div class=\"et_pb_column_20 et_pb_column et_pb_column_1_4 et_block_column et_pb_css_mix_blend_mode_passthrough\"><div class=\"et_pb_text_4 et_pb_text et_pb_bg_layout_light et_pb_module et_flex_module\"><div class=\"et_pb_text_inner\"><p>Content<\/p>\n<\/div><\/div><div class=\"et_pb_text_5 et_pb_text et_pb_bg_layout_light et_pb_module et_flex_module\"><div class=\"et_pb_text_inner\"><p><span style=\"color: #ffffff;\"><a style=\"color: #ffffff;\" href=\"https:\/\/props-wear.de\/en\/kollektion\/\">collection<\/a><\/span><br \/><span style=\"color: #ffffff;\"><a style=\"color: #ffffff;\" href=\"https:\/\/props-wear.de\/en\/Herstellung\/\">manufacturing<\/a><\/span><\/p>\n<\/div><\/div><\/div><div class=\"et_pb_column_21 et_pb_column et_pb_column_1_4 et_block_column et_pb_css_mix_blend_mode_passthrough\"><div class=\"et_pb_text_6 et_pb_text et_pb_bg_layout_light et_pb_module et_flex_module\"><div class=\"et_pb_text_inner\"><p>shop<\/p>\n<\/div><\/div><div class=\"et_pb_text_7 et_pb_text et_pb_bg_layout_light et_clickable et_pb_module et_flex_module\"><div class=\"et_pb_text_inner\"><p><span style=\"color: #ffffff;\"><a style=\"color: #ffffff;\" href=\"https:\/\/props-wear.de\/en\/shop\/\">shop<\/a><\/span><br \/><span style=\"color: #ffffff;\"><a style=\"color: #ffffff;\" href=\"https:\/\/props-wear.de\/en\/mein-konto\/\">customer account<\/a><\/span><br \/><span style=\"color: #ffffff;\"><a style=\"color: #ffffff;\" href=\"https:\/\/props-wear.de\/en\/Kasse\/\">checkout<\/a><\/span><br \/><span style=\"color: #ffffff;\"><a style=\"color: #ffffff;\" href=\"https:\/\/props-wear.de\/en\/Impressum\/\">imprint<\/a><\/span><br \/><span style=\"color: #ffffff;\"><a style=\"color: #ffffff;\" href=\"https:\/\/props-wear.de\/en\/datenschutzerklaerung\/\">privacy<\/a><\/span><br \/><span style=\"color: #ffffff;\"><a style=\"color: #ffffff;\" href=\"https:\/\/props-wear.de\/en\/versandinformationen\/\">shipping Information<\/a><\/span><br \/><span style=\"color: #ffffff;\"><a style=\"color: #ffffff;\" href=\"https:\/\/props-wear.de\/en\/zahlungsarten\/\">payment methods<\/a><\/span><br \/><span style=\"color: #ffffff;\"><a style=\"color: #ffffff;\" href=\"https:\/\/props-wear.de\/en\/AGB\/\">terms of service<\/a><\/span><br \/><span style=\"color: #ffffff;\"><a style=\"color: #ffffff;\" href=\"https:\/\/props-wear.de\/en\/widerrufsbelehrung\/\">withdrawal Informations<\/a><\/span><\/p>\n<\/div><\/div><\/div><div class=\"et_pb_column_22 et_pb_column et_pb_column_1_4 et-last-child et_block_column et_pb_css_mix_blend_mode_passthrough\"><div class=\"et_pb_text_8 et_pb_text et_pb_bg_layout_light et_pb_module et_flex_module\"><div class=\"et_pb_text_inner\"><p>FOLLOW US<\/p>\n<\/div><\/div><div class=\"et_pb_module et_pb_button_module_wrapper et_pb_button_0_wrapper\"><a class=\"et_pb_button_0 et_pb_button et_pb_bg_layout_light et_pb_module et_flex_module\" href=\"https:\/\/www.instagram.com\/props_wear.de\/\" target=\"_blank\">Check our Instagram<\/a><\/div><\/div><\/div><\/div>","protected":false},"excerpt":{"rendered":"","protected":false},"author":1,"featured_media":0,"parent":0,"menu_order":0,"comment_status":"closed","ping_status":"closed","template":"","meta":{"footnotes":""},"class_list":["post-70","page","type-page","status-publish","hentry"],"jetpack_sharing_enabled":true,"_links":{"self":[{"href":"https:\/\/props-wear.de\/en\/wp-json\/wp\/v2\/pages\/70","targetHints":{"allow":["GET"]}}],"collection":[{"href":"https:\/\/props-wear.de\/en\/wp-json\/wp\/v2\/pages"}],"about":[{"href":"https:\/\/props-wear.de\/en\/wp-json\/wp\/v2\/types\/page"}],"author":[{"embeddable":true,"href":"https:\/\/props-wear.de\/en\/wp-json\/wp\/v2\/users\/1"}],"replies":[{"embeddable":true,"href":"https:\/\/props-wear.de\/en\/wp-json\/wp\/v2\/comments?post=70"}],"version-history":[{"count":54,"href":"https:\/\/props-wear.de\/en\/wp-json\/wp\/v2\/pages\/70\/revisions"}],"predecessor-version":[{"id":4683,"href":"https:\/\/props-wear.de\/en\/wp-json\/wp\/v2\/pages\/70\/revisions\/4683"}],"wp:attachment":[{"href":"https:\/\/props-wear.de\/en\/wp-json\/wp\/v2\/media?parent=70"}],"curies":[{"name":"wp","href":"https:\/\/api.w.org\/{rel}","templated":true}]}}