{"id":66,"date":"2020-03-21T21:32:48","date_gmt":"2020-03-21T20:32:48","guid":{"rendered":"http:\/\/www.uniquecreations.de\/props\/?page_id=66"},"modified":"2025-10-25T20:28:36","modified_gmt":"2025-10-25T18:28:36","slug":"herstellung","status":"publish","type":"page","link":"https:\/\/props-wear.de\/en\/herstellung\/","title":{"rendered":"manufacturing"},"content":{"rendered":"<div class=\"et_pb_section_0 et_pb_section et_pb_fullwidth_section et_section_regular et_block_section\"><section class=\"et_pb_fullwidth_header_0 et_pb_fullwidth_header et_pb_bg_layout_light et_pb_text_align_left et_pb_section_parallax et_pb_module et_flex_module\"><span class=\"et-pb-parallax-wrapper\"><span class=\"et-pb-parallax-background et-pb-parallax-background-module--divi-fullwidth-header-0\" style=\"background-image:url(https:\/\/props-wear.de\/wp-content\/uploads\/2020\/05\/Siebdruckwerstatt.jpg)\"><\/span><\/span><div class=\"et_pb_fullwidth_header_container left\"><div class=\"header-content-container center\"><div class=\"header-content et_flex_module\"><h1 class=\"et_pb_module_header\">screen printing<\/h1><span class=\"et_pb_fullwidth_header_subhead\">We're doing the prints ourselves. This gives us more control over the results and does not restrict us in terms of design.<\/span><div class=\"et_pb_header_button_wrapper\"><\/div><\/div><\/div><\/div><div class=\"et_pb_fullwidth_header_overlay\"><\/div><div class=\"et_pb_fullwidth_header_scroll\"><a class=\"scroll-down-container\" href=\"#\"><span class=\"scroll-down et-pb-icon\">;<\/span><\/a><\/div><\/section><\/div><div class=\"et_pb_section_1 et_pb_section et_pb_fullwidth_section et_section_regular et_block_section\"><section class=\"et_pb_fullwidth_header_1 et_pb_fullwidth_header et_pb_bg_layout_dark et_pb_text_align_right et_pb_section_parallax et_pb_module et_flex_module\"><span class=\"et-pb-parallax-wrapper\"><span class=\"et-pb-parallax-background et-pb-parallax-background-module--divi-fullwidth-header-1\" style=\"background-image:url(https:\/\/props-wear.de\/wp-content\/uploads\/2020\/05\/Werkstatt-Bio-Baumwolle.jpg)\"><\/span><\/span><div class=\"et_pb_fullwidth_header_container right\"><div class=\"header-content-container center\"><div class=\"header-content et_flex_module\"><h1 class=\"et_pb_module_header\">sustainability<\/h1><span class=\"et_pb_fullwidth_header_subhead\">We only use organic cotton. Polyester components are made from recycled materials and instead of real leather we use vegan alternatives.<\/span><div class=\"et_pb_header_button_wrapper\"><\/div><\/div><\/div><\/div><div class=\"et_pb_fullwidth_header_overlay\"><\/div><div class=\"et_pb_fullwidth_header_scroll\"><a class=\"scroll-down-container\" href=\"#\"><span class=\"scroll-down et-pb-icon\">;<\/span><\/a><\/div><\/section><\/div><div class=\"et_pb_section_2 et_pb_section et_pb_fullwidth_section et_section_regular et_block_section\"><section class=\"et_pb_fullwidth_header_2 et_pb_fullwidth_header et_pb_bg_layout_light et_pb_text_align_left et_pb_section_parallax et_pb_module et_flex_module\"><span class=\"et-pb-parallax-wrapper\"><span class=\"et-pb-parallax-background et-pb-parallax-background-module--divi-fullwidth-header-2\" style=\"background-image:url(https:\/\/props-wear.de\/wp-content\/uploads\/2020\/05\/Label-Branding-1.jpg)\"><\/span><\/span><div class=\"et_pb_fullwidth_header_container left\"><div class=\"header-content-container center\"><div class=\"header-content et_flex_module\"><h1 class=\"et_pb_module_header\">production<\/h1><span class=\"et_pb_fullwidth_header_subhead\">We refine in Germany and as far as possible we try to do everything ourselves.<\/span><div class=\"et_pb_header_button_wrapper\"><\/div><\/div><\/div><\/div><div class=\"et_pb_fullwidth_header_overlay\"><\/div><div class=\"et_pb_fullwidth_header_scroll\"><a class=\"scroll-down-container\" href=\"#\"><span class=\"scroll-down et-pb-icon\">;<\/span><\/a><\/div><\/section><\/div><div class=\"et_pb_section_3 et_pb_section et_pb_fullwidth_section et_section_regular et_block_section\"><section class=\"et_pb_fullwidth_header_3 et_pb_fullwidth_header et_pb_bg_layout_dark et_pb_text_align_right et_pb_section_parallax et_pb_module et_flex_module\"><span class=\"et-pb-parallax-wrapper\"><span class=\"et-pb-parallax-background et-pb-parallax-background-module--divi-fullwidth-header-3\" style=\"background-image:url(https:\/\/props-wear.de\/wp-content\/uploads\/2020\/05\/Headerpics_0004_DSC00839-1024x576-3.jpg)\"><\/span><\/span><div class=\"et_pb_fullwidth_header_container right\"><div class=\"header-content-container center\"><div class=\"header-content et_flex_module\"><h1 class=\"et_pb_module_header\">by pilots for pilots<\/h1><span class=\"et_pb_fullwidth_header_subhead\">Wir sind Piloten aus dem s\u00fcddeutschen Raum die Spa\u00df an Textildruck haben. \ud83d\ude42<\/span><div class=\"et_pb_header_button_wrapper\"><\/div><\/div><\/div><\/div><div class=\"et_pb_fullwidth_header_overlay\"><\/div><div class=\"et_pb_fullwidth_header_scroll\"><a class=\"scroll-down-container\" href=\"#\"><span class=\"scroll-down et-pb-icon\">;<\/span><\/a><\/div><\/section><\/div><div class=\"et_pb_section_4 et_pb_section et_section_regular et_block_section\"><div class=\"et_pb_row_0 et_pb_row et_pb_row_4col et_pb_gutters2 et_block_row et_block_row_4col\"><div class=\"et_pb_column_0 et_pb_column et_pb_column_1_4 et_block_column et_pb_css_mix_blend_mode_passthrough\"><div class=\"et_pb_image_0 et_pb_image et_pb_module et_flex_module\"><span class=\"et_pb_image_wrap\"><img loading=\"lazy\" decoding=\"async\" src=\"https:\/\/props-wear.de\/wp-content\/uploads\/2020\/03\/prposlogo.png\" width=\"417\" height=\"100\" srcset=\"https:\/\/props-wear.de\/wp-content\/uploads\/2020\/03\/prposlogo.png 417w, https:\/\/props-wear.de\/wp-content\/uploads\/2020\/03\/prposlogo-300x72.png 300w\" sizes=\"(max-width: 417px) 100vw, 417px\" class=\"wp-image-8\" \/><\/span><\/div><\/div><div class=\"et_pb_column_1 et_pb_column et_pb_column_1_4 et_block_column et_pb_css_mix_blend_mode_passthrough\"><div class=\"et_pb_text_0 et_pb_text et_pb_bg_layout_light et_pb_module et_flex_module\"><div class=\"et_pb_text_inner\"><p>Content<\/p>\n<\/div><\/div><div class=\"et_pb_text_1 et_pb_text et_pb_bg_layout_light et_pb_module et_flex_module\"><div class=\"et_pb_text_inner\"><p><span style=\"color: #ffffff;\"><a style=\"color: #ffffff;\" href=\"https:\/\/props-wear.de\/en\/kollektion\/\">collection<\/a><\/span><br \/><span style=\"color: #ffffff;\"><a style=\"color: #ffffff;\" href=\"https:\/\/props-wear.de\/en\/Herstellung\/\">manufacturing<\/a><\/span><\/p>\n<\/div><\/div><\/div><div class=\"et_pb_column_2 et_pb_column et_pb_column_1_4 et_block_column et_pb_css_mix_blend_mode_passthrough\"><div class=\"et_pb_text_2 et_pb_text et_pb_bg_layout_light et_pb_module et_flex_module\"><div class=\"et_pb_text_inner\"><p>shop<\/p>\n<\/div><\/div><div class=\"et_pb_text_3 et_pb_text et_pb_bg_layout_light et_clickable et_pb_module et_flex_module\"><div class=\"et_pb_text_inner\"><p><span style=\"color: #ffffff;\"><a style=\"color: #ffffff;\" href=\"https:\/\/props-wear.de\/en\/shop\/\">shop<\/a><\/span><br \/><span style=\"color: #ffffff;\"><a style=\"color: #ffffff;\" href=\"https:\/\/props-wear.de\/en\/mein-konto\/\">customer account<\/a><\/span><br \/><span style=\"color: #ffffff;\"><a style=\"color: #ffffff;\" href=\"https:\/\/props-wear.de\/en\/Kasse\/\">checkout<\/a><\/span><br \/><span style=\"color: #ffffff;\"><a style=\"color: #ffffff;\" href=\"https:\/\/props-wear.de\/en\/Impressum\/\">imprint<\/a><\/span><br \/><span style=\"color: #ffffff;\"><a style=\"color: #ffffff;\" href=\"https:\/\/props-wear.de\/en\/datenschutzerklaerung\/\">privacy<\/a><\/span><br \/><span style=\"color: #ffffff;\"><a style=\"color: #ffffff;\" href=\"https:\/\/props-wear.de\/en\/versandinformationen\/\">shipping Information<\/a><\/span><br \/><span style=\"color: #ffffff;\"><a style=\"color: #ffffff;\" href=\"https:\/\/props-wear.de\/en\/zahlungsarten\/\">payment methods<\/a><\/span><br \/><span style=\"color: #ffffff;\"><a style=\"color: #ffffff;\" href=\"https:\/\/props-wear.de\/en\/AGB\/\">terms of service<\/a><\/span><br \/><span style=\"color: #ffffff;\"><a style=\"color: #ffffff;\" href=\"https:\/\/props-wear.de\/en\/widerrufsbelehrung\/\">withdrawal Informations<\/a><\/span><\/p>\n<\/div><\/div><\/div><div class=\"et_pb_column_3 et_pb_column et_pb_column_1_4 et-last-child et_block_column et_pb_css_mix_blend_mode_passthrough\"><div class=\"et_pb_text_4 et_pb_text et_pb_bg_layout_light et_pb_module et_flex_module\"><div class=\"et_pb_text_inner\"><p>FOLLOW US<\/p>\n<\/div><\/div><div class=\"et_pb_module et_pb_button_module_wrapper et_pb_button_0_wrapper\"><a class=\"et_pb_button_0 et_pb_button et_pb_bg_layout_light et_pb_module et_flex_module\" href=\"https:\/\/www.instagram.com\/props_wear.de\/\" target=\"_blank\">Check our Instagram<\/a><\/div><\/div><\/div><\/div><div class=\"et_pb_section_5 et_pb_section et_section_regular et_block_section\"><div class=\"et_pb_row_1 et_pb_row et_block_row\"><div class=\"et_pb_column_4 et_pb_column et_pb_column_4_4 et-last-child et_block_column et_pb_css_mix_blend_mode_passthrough\"><div class=\"et_pb_text_5 et_pb_text et_pb_bg_layout_light et_pb_module et_flex_module\"><div class=\"et_pb_text_inner\"><p>Alles beruht auf Respekt. Ethisch und nachhaltig zu leben ist f\u00fcr uns selbstverst\u00e4ndlich, dass soll sich auch in unseren Produkten bemerkbar machen.<\/p>\n<p>BIOBAUMWOLLE<\/p>\n<p>Biobaumwolle ist eine Naturfaser, gentechnikfrei und viel sparsamer im Wasserbedarf als konventionelle Baumwolle. Und vor allem werden bei ihrer Herstellung keine Chemikalien (weder Kunstd\u00fcnger noch Pestizide) verwendet, daf\u00fcr aber Fruchtwechsel gef\u00f6rdert, um die B\u00f6den ges\u00fcnder, fruchtbarer und feuchter zu halten. Die Abf\u00e4lle beim Baumwollpfl\u00fccken werden in der Futtermittelindustrie wiederverwendet.<\/p>\n<p>GOTS-Zertifizierung: vier Buchstaben, die alles ver\u00e4ndern<\/p>\n<p><strong>GOTS<\/strong> ist die Abk\u00fcrzung des G\u00fctesiegels Global Organic Textile Standard. Die strengste Zertifizierung f\u00fcr Textilien aus \u00f6kologischen Fasern. Sie verfolgt die gesamte Produktionskette von den Baumwollfeldern an: von der Ernte bis zur Herstellung der Fasern, zum Zusammenn\u00e4hen der Teile, zum Endprodukt vor dem Druck und sogar zum Export unserer Kleidung! Sie zertifiziert, dass die Stanley-\/Stella-Baumwolle ohne Gentechnik oder Chemikalien angebaut und ohne verbotene Giftstoffe verarbeitet und gef\u00e4rbt wird. Au\u00dferdem gew\u00e4hrleistet GOTS entlang der gesamten Produktionskette die Einhaltung sozialer Standards der Internationalen Arbeitsorganisation.<\/p>\n<p>TENCEL\u00ae UND MODAL\u00ae<\/p>\n<p>Tencel\u00ae und Modal\u00ae sind biologisch abbaubar und werden aus dem Zellstoff des Eukalyptus oder der Buche hergestellt. Der Eukalyptusbaum ist bekannt daf\u00fcr, dass er sehr schnell w\u00e4chst und nicht bew\u00e4ssert werden muss. Das Herstellungsverfahren von Tencel hat wegen seiner geringen Emissionen den \u201eEuropean Award for the Environment\u201c von der Europ\u00e4ischen Union erhalten.<br \/>\nUnsere Zellulosefasern kommen ausschlie\u00dflich vom \u00f6sterreichischen Fabrikanten Lenzing, der als erster Faserhersteller das EU Ecolabel erhalten hat, das hohe Umweltstandards honoriert.<\/p>\n<p>LEINEN<\/p>\n<p>Leinen ist eine haltbare und \u201eeco-friendly\u201c Naturfaser. Sie braucht weder Chemikalien noch Bew\u00e4sserung, um zu wachsen. Die nat\u00fcrlichen Niederschl\u00e4ge reichen ihr. Au\u00dferdem absorbiert jede Pflanze eine gro\u00dfe Menge an Kohlenstoff.<\/p>\n<p>RECYCELTER POLYESTER<\/p>\n<p>Um die Windschutzjacken zu fertigen, wird recyceltes Polyester verwendet und als Zusatz (von 15 %) zu Biobaumwolle f\u00fcr bestimmte Sweatshirts.<br \/>\nBei der Herstellung einer Windschutzjacke kann man sieben bis acht PET-Plastikflaschen recyceln. Und damit unsere Sweater auf Ihrer Haut immer kuschelweich sind, kommen sie nie direkt mit dem Polyester in Kontakt, das wie in einem Sandwich zwischen zwei Schichten Biobaumwolle liegt.<\/p>\n<p>RECYCELTE BAUMWOLLE<\/p>\n<p>Beim Zuschneiden der verschiedenen Teile zur Herstellung unserer Produkte fallen nat\u00fcrlich Schnittreste an. Selbstverst\u00e4ndlich undenkbar, sie wegzuwerfen. Deshalb haben wir einen Partner, der sie einsammelt und zu neuem Baumwollgarn recycelt, das f\u00fcr die Fertigung unserer Tote Bags bestimmt ist.<\/p>\n<p>&nbsp;<\/p>\n<\/div><\/div><\/div><\/div><\/div><div class=\"et_pb_section_6 et_pb_section et_section_regular et_block_section\"><div class=\"et_pb_row_2 et_pb_row et_block_row\"><div class=\"et_pb_column_5 et_pb_column et_pb_column_4_4 et-last-child et_block_column et_pb_css_mix_blend_mode_passthrough\"><div class=\"et_pb_text_6 et_pb_text et_pb_bg_layout_light et_pb_module et_flex_module\"><div class=\"et_pb_text_inner\"><p>OEKO-TEX: Unserer Kleidung k\u00f6nnen Sie blind vertrauen!<\/p>\n<p>Vertrauen kann man nicht kaufen, nur sich verdienen. Der OEKO-TEX-Standard 100 bescheinigt den Verzicht auf sch\u00e4dliche chemische Substanzen in s\u00e4mtlichen Produkten mit seinem Label \u201eConfidence in textile\u201c. Ein unabh\u00e4ngiges Kontroll- und Zertifizierungssystem gew\u00e4hrleistet bei allen Roh-, Zwischen- und Endprodukten von Textilien eine besondere Beachtung:<\/p>\n<ul>\n<li>des Vorsorgeprinzips, das bestimmte m\u00f6glicherweise sch\u00e4dliche Stoffe verbietet, selbst wenn sie (noch) nicht gesetzlich verboten sind<\/li>\n<li>des Verzichts auf gesundheits- und umweltsch\u00e4dliche chemische Substanzen<\/li>\n<li>der Beschr\u00e4nkung des Bleigehalts in den Farbstoffen<\/li>\n<\/ul>\n<p>PETA-Zertifizierung<\/p>\n<p>Unsere Ware beziehen wir von einem PETA-Zertifizierten Hersteller. Dar\u00fcber hinaus ist unsere Bekleidung aus 100 % veganen Materialien gefertigt, sodass Sie sich darauf verlassen k\u00f6nnen, dass w\u00e4hrend ihrer Herstellung niemandem Leid angetan wurde.<\/p>\n<\/div><\/div><\/div><\/div><\/div>","protected":false},"excerpt":{"rendered":"","protected":false},"author":1,"featured_media":0,"parent":0,"menu_order":0,"comment_status":"closed","ping_status":"closed","template":"","meta":{"footnotes":""},"class_list":["post-66","page","type-page","status-publish","hentry"],"jetpack_sharing_enabled":true,"_links":{"self":[{"href":"https:\/\/props-wear.de\/en\/wp-json\/wp\/v2\/pages\/66","targetHints":{"allow":["GET"]}}],"collection":[{"href":"https:\/\/props-wear.de\/en\/wp-json\/wp\/v2\/pages"}],"about":[{"href":"https:\/\/props-wear.de\/en\/wp-json\/wp\/v2\/types\/page"}],"author":[{"embeddable":true,"href":"https:\/\/props-wear.de\/en\/wp-json\/wp\/v2\/users\/1"}],"replies":[{"embeddable":true,"href":"https:\/\/props-wear.de\/en\/wp-json\/wp\/v2\/comments?post=66"}],"version-history":[{"count":43,"href":"https:\/\/props-wear.de\/en\/wp-json\/wp\/v2\/pages\/66\/revisions"}],"predecessor-version":[{"id":4682,"href":"https:\/\/props-wear.de\/en\/wp-json\/wp\/v2\/pages\/66\/revisions\/4682"}],"wp:attachment":[{"href":"https:\/\/props-wear.de\/en\/wp-json\/wp\/v2\/media?parent=66"}],"curies":[{"name":"wp","href":"https:\/\/api.w.org\/{rel}","templated":true}]}}